{"id":80,"date":"2018-04-26T17:28:51","date_gmt":"2018-04-26T17:28:51","guid":{"rendered":"http:\/\/musikentdecken.com\/?page_id=80"},"modified":"2020-11-03T15:17:31","modified_gmt":"2020-11-03T15:17:31","slug":"philosophie","status":"publish","type":"page","link":"https:\/\/musikentdecken.com\/home\/home\/philosophie\/","title":{"rendered":"Philosophie"},"content":{"rendered":"\n<p>Gemeinsam Musik Entdecken nimmt die Teilnehmenden mit auf eine Reise. Gemeinsam erforschen wir Kl\u00e4nge und Stille, Ruhe und Bewegung. Vor allem den eigenen inneren Klang, die eigene innere Bewegung. Das was in uns schwingt. Das was klingt, wenn wir leise sind und uns selbst zuh\u00f6ren. Dem geben wir einen Ausdruck.<\/p>\n\n\n\n<p>Im Zusammenspiel mit Anderen entdecken wir manchmal Facetten an uns selbst, die bis dahin unter Verschluss waren. Die Gruppendynamik eines wilden Jams rei\u00dft uns bisweilen v\u00f6llig aus unserem Alltag. Neue Bilder entstehen in unseren K\u00f6pfen, die die uns bekannte Welt in ein neues Licht r\u00fccken. Musik mit anderen zu machen bedeutet, sich selbst ein St\u00fcck weit neu zu entdecken, den eigenen Blickwinkel zu erweitern.<\/p>\n\n\n\n<p>Als Gegengewicht zur Schulmusik und zum Leistungsdruck in unserer Gesellschaft, m\u00f6chten wir den Teilnehmenden den Freiraum bieten sich auszuprobieren. Das ist unser Anspruch. Wir wollen Dinge flie\u00dfen lassen, statt sie durch theoretische Konstrukte einzuengen. Wir wollen die Musik machen, die ganz nat\u00fcrlich aus uns heraus will. Dabei entstehen immer wieder Dinge, die die Teilnehmenden selbst \u00fcberraschen: ein sch\u00f6ner Song beispielsweise, ein pers\u00f6nlicher Text, oder eine wunderbare lange Improvisation, in der alle Musizierenden aufgehen.<\/p>\n\n\n\n<p>Musik hat etwas mit dem eigenen Gef\u00fchl, der eigenen Pers\u00f6nlichkeit zu tun. Wir alle haben eine Geschichte zu erz\u00e4hlen: Der Wandel den wir durchlaufen, die Hochs und Tiefs die wir erleben, die Einsamkeit und Zugeh\u00f6rigkeit, N\u00e4he und Distanz &#8211; unsere eigene, ganz pers\u00f6nliche Geschichte. Manche kleiden sie in sch\u00f6ne Worte, andere malen ein Bild, behauen Steine, n\u00e4hen, schnitzen oder tanzen. Und wieder andere machen Musik. Letztlich ist das Medium egal.<\/p>\n\n\n\n<p>Das Entscheidende ist das Erkunden des eigenen Potentials. Dessen Wege, Zug\u00e4nge Arten und Ausdrucksformen sind so unterschiedlich und vielf\u00e4ltig, wie die Menschen, denen sie entspringen. Wir bieten euch die M\u00f6glichkeit, musikalisch danach zu suchen: methodisch und angeleitet, spielerisch, improvisiert oder nach Plan und zielgerichtet, aber immer auf euch abgestimmt. Nicht ein jeder Mensch muss Musik als Ausdrucksform bevorzugen, doch ausprobieren lohnt sich &#8211; immer!<\/p>\n","protected":false},"excerpt":{"rendered":"<p>Gemeinsam Musik Entdecken nimmt die Teilnehmenden mit auf eine Reise. Gemeinsam erforschen wir Kl\u00e4nge und Stille, Ruhe und Bewegung. Vor allem den eigenen inneren Klang, die eigene innere Bewegung. Das was in uns schwingt. Das was klingt, wenn wir leise sind und uns selbst zuh\u00f6ren. Dem geben wir einen Ausdruck. Im Zusammenspiel mit Anderen entdecken &hellip; <\/p>\n<p class=\"link-more\"><a href=\"https:\/\/musikentdecken.com\/home\/home\/philosophie\/\" class=\"more-link\"><span class=\"screen-reader-text\">\u201ePhilosophie\u201c <\/span>weiterlesen<\/a><\/p>\n","protected":false},"author":1,"featured_media":0,"parent":6,"menu_order":0,"comment_status":"closed","ping_status":"closed","template":"","meta":{"footnotes":""},"_links":{"self":[{"href":"https:\/\/musikentdecken.com\/home\/wp-json\/wp\/v2\/pages\/80"}],"collection":[{"href":"https:\/\/musikentdecken.com\/home\/wp-json\/wp\/v2\/pages"}],"about":[{"href":"https:\/\/musikentdecken.com\/home\/wp-json\/wp\/v2\/types\/page"}],"author":[{"embeddable":true,"href":"https:\/\/musikentdecken.com\/home\/wp-json\/wp\/v2\/users\/1"}],"replies":[{"embeddable":true,"href":"https:\/\/musikentdecken.com\/home\/wp-json\/wp\/v2\/comments?post=80"}],"version-history":[{"count":3,"href":"https:\/\/musikentdecken.com\/home\/wp-json\/wp\/v2\/pages\/80\/revisions"}],"predecessor-version":[{"id":168,"href":"https:\/\/musikentdecken.com\/home\/wp-json\/wp\/v2\/pages\/80\/revisions\/168"}],"up":[{"embeddable":true,"href":"https:\/\/musikentdecken.com\/home\/wp-json\/wp\/v2\/pages\/6"}],"wp:attachment":[{"href":"https:\/\/musikentdecken.com\/home\/wp-json\/wp\/v2\/media?parent=80"}],"curies":[{"name":"wp","href":"https:\/\/api.w.org\/{rel}","templated":true}]}}