{"id":53,"date":"2018-01-27T18:43:06","date_gmt":"2018-01-27T18:43:06","guid":{"rendered":"http:\/\/musikentdecken.com\/?page_id=53"},"modified":"2020-11-14T12:12:41","modified_gmt":"2020-11-14T12:12:41","slug":"fotos","status":"publish","type":"page","link":"https:\/\/musikentdecken.com\/home\/media\/fotos\/","title":{"rendered":"Fotos"},"content":{"rendered":"\n<p>Workshop bei den Kulturtagen Westend, September 2020 (Wiesbaden)<\/p>\n\n\n\n<figure class=\"wp-block-image size-large\"><img loading=\"lazy\" decoding=\"async\" width=\"544\" height=\"1024\" src=\"https:\/\/musikentdecken.com\/wp-content\/uploads\/2020\/11\/Kulturtage20-2-544x1024.jpg\" alt=\"\" class=\"wp-image-178\" srcset=\"https:\/\/musikentdecken.com\/wp-content\/uploads\/2020\/11\/Kulturtage20-2-544x1024.jpg 544w, https:\/\/musikentdecken.com\/wp-content\/uploads\/2020\/11\/Kulturtage20-2-159x300.jpg 159w, https:\/\/musikentdecken.com\/wp-content\/uploads\/2020\/11\/Kulturtage20-2-768x1446.jpg 768w, https:\/\/musikentdecken.com\/wp-content\/uploads\/2020\/11\/Kulturtage20-2-816x1536.jpg 816w, https:\/\/musikentdecken.com\/wp-content\/uploads\/2020\/11\/Kulturtage20-2-1087x2048.jpg 1087w, https:\/\/musikentdecken.com\/wp-content\/uploads\/2020\/11\/Kulturtage20-2-scaled.jpg 1359w\" sizes=\"(max-width: 544px) 100vw, 544px\" \/><figcaption>Auch mit Abstandhalten, H\u00e4ndewaschen und regelm\u00e4\u00dfigem L\u00fcften hat das gemeinsame Musizieren prima funktioniert. Die Masken durften beim Sitzen abgenommen werden. An dieser Stelle noch mal vielen Dank an Karin und Lena von Starki &#8211; das Projekt f\u00fcr Kinder und Jugendliche in Wiesbaden. Mehr Infos zu Starki <a href=\"https:\/\/www.starki.net\/\" target=\"_blank\" rel=\"noreferrer noopener\">hier.<\/a><\/figcaption><\/figure>\n\n\n\n<p><\/p>\n\n\n\n<p>Kreisstadtsommer 2019 (Hofheim)<\/p>\n\n\n\n<figure class=\"wp-block-image size-large\"><img loading=\"lazy\" decoding=\"async\" width=\"1024\" height=\"768\" src=\"https:\/\/musikentdecken.com\/wp-content\/uploads\/2020\/11\/KSS19-1-1024x768.jpg\" alt=\"\" class=\"wp-image-174\" srcset=\"https:\/\/musikentdecken.com\/wp-content\/uploads\/2020\/11\/KSS19-1-1024x768.jpg 1024w, https:\/\/musikentdecken.com\/wp-content\/uploads\/2020\/11\/KSS19-1-300x225.jpg 300w, https:\/\/musikentdecken.com\/wp-content\/uploads\/2020\/11\/KSS19-1-768x576.jpg 768w, https:\/\/musikentdecken.com\/wp-content\/uploads\/2020\/11\/KSS19-1-1536x1152.jpg 1536w, https:\/\/musikentdecken.com\/wp-content\/uploads\/2020\/11\/KSS19-1-2048x1537.jpg 2048w\" sizes=\"(max-width: 767px) 89vw, (max-width: 1000px) 54vw, (max-width: 1071px) 543px, 580px\" \/><\/figure>\n\n\n\n<p class=\"has-small-font-size\">Beim Kreisstadsommer Er\u00f6ffnungsfest (Hofheim) am 30.06.2019 hatten wir einen sch\u00f6nen Nachmittag in der Sommerhitze. Danke an dieser Stelle an die bunten Menschen des F\u00f6rderkreis Kultur regional e.V. &#8211; das Team vom Sommerschein-Festival! Mehr zum Sommerschein <a rel=\"noreferrer noopener\" href=\"https:\/\/sommerschein.de\/\" target=\"_blank\">hier.<\/a> Danke auch an Peter Kolar f\u00fcr die tollen Bilder!<\/p>\n\n\n\n<figure class=\"wp-block-image size-large\"><img loading=\"lazy\" decoding=\"async\" width=\"1024\" height=\"768\" src=\"https:\/\/musikentdecken.com\/wp-content\/uploads\/2020\/11\/KSS19-2-1024x768.jpg\" alt=\"\" class=\"wp-image-175\" srcset=\"https:\/\/musikentdecken.com\/wp-content\/uploads\/2020\/11\/KSS19-2-1024x768.jpg 1024w, https:\/\/musikentdecken.com\/wp-content\/uploads\/2020\/11\/KSS19-2-300x225.jpg 300w, https:\/\/musikentdecken.com\/wp-content\/uploads\/2020\/11\/KSS19-2-768x576.jpg 768w, https:\/\/musikentdecken.com\/wp-content\/uploads\/2020\/11\/KSS19-2-1536x1152.jpg 1536w, https:\/\/musikentdecken.com\/wp-content\/uploads\/2020\/11\/KSS19-2-2048x1536.jpg 2048w\" sizes=\"(max-width: 767px) 89vw, (max-width: 1000px) 54vw, (max-width: 1071px) 543px, 580px\" \/><figcaption>Schon ganz zu Beginn des Auftritts waren einige Menschen zugegen &#8211; man stelle sich vor: es kamen sogar welche extra unseretwegen!<\/figcaption><\/figure>\n\n\n\n<figure class=\"wp-block-image size-large is-resized\"><img loading=\"lazy\" decoding=\"async\" src=\"https:\/\/musikentdecken.com\/wp-content\/uploads\/2020\/11\/KSS19-3-1024x768.jpg\" alt=\"\" class=\"wp-image-176\" width=\"674\" height=\"505\" srcset=\"https:\/\/musikentdecken.com\/wp-content\/uploads\/2020\/11\/KSS19-3-1024x768.jpg 1024w, https:\/\/musikentdecken.com\/wp-content\/uploads\/2020\/11\/KSS19-3-300x225.jpg 300w, https:\/\/musikentdecken.com\/wp-content\/uploads\/2020\/11\/KSS19-3-768x576.jpg 768w, https:\/\/musikentdecken.com\/wp-content\/uploads\/2020\/11\/KSS19-3-1536x1152.jpg 1536w, https:\/\/musikentdecken.com\/wp-content\/uploads\/2020\/11\/KSS19-3-2048x1535.jpg 2048w\" sizes=\"(max-width: 674px) 100vw, 674px\" \/><figcaption>Wir wollten wegen der Hitze nicht auf der B\u00fchne stehen. Stattdessen gab uns das Sommerschein-Team ein Pl\u00e4tzchen im Schatten, vor der B\u00fchne \ud83d\ude42 Marius (links) &amp; Lars (rechts).<\/figcaption><\/figure>\n\n\n\n<p>Umweltfestival 2018 (Wiesbaden)<\/p>\n\n\n\n<figure class=\"wp-block-image size-large is-resized\"><img loading=\"lazy\" decoding=\"async\" src=\"https:\/\/musikentdecken.com\/wp-content\/uploads\/2020\/11\/2018_08_Samstag__Umweltfestival_194-bearb.jpeg\" alt=\"\" class=\"wp-image-198\" width=\"671\" height=\"446\" srcset=\"https:\/\/musikentdecken.com\/wp-content\/uploads\/2020\/11\/2018_08_Samstag__Umweltfestival_194-bearb.jpeg 640w, https:\/\/musikentdecken.com\/wp-content\/uploads\/2020\/11\/2018_08_Samstag__Umweltfestival_194-bearb-300x199.jpeg 300w\" sizes=\"(max-width: 671px) 100vw, 671px\" \/><figcaption>Einen lauen Nachmittag im Schatten der &#8222;kleinen Waldb\u00fchne&#8220; &#8211; ein wenig abseits allen Trubels &#8211; durften wir mit ganz wundervollen Menschen verbringen, die uns nachher sogar teils auf die gro\u00dfe B\u00fchne gefolgt sind. Vielen Dank an dieser Stelle an Ottmar Schick (von <a rel=\"noreferrer noopener\" href=\"http:\/\/schick-design.de\/\" target=\"_blank\">Schick-design.de<\/a>) f\u00fcr die wundersch\u00f6nen Erinnerungen.<\/figcaption><\/figure>\n\n\n\n<figure class=\"wp-block-image size-large is-resized\"><img loading=\"lazy\" decoding=\"async\" src=\"https:\/\/musikentdecken.com\/wp-content\/uploads\/2020\/11\/2018_08_Samstag__Umweltfestival_196-bearb.jpeg\" alt=\"\" class=\"wp-image-200\" width=\"672\" height=\"446\" srcset=\"https:\/\/musikentdecken.com\/wp-content\/uploads\/2020\/11\/2018_08_Samstag__Umweltfestival_196-bearb.jpeg 640w, https:\/\/musikentdecken.com\/wp-content\/uploads\/2020\/11\/2018_08_Samstag__Umweltfestival_196-bearb-300x199.jpeg 300w\" sizes=\"(max-width: 672px) 100vw, 672px\" \/><figcaption>Bei unseren Projekten gibt es zwar Altersabstufungen, aber mitmachen kann trotzdem eigentlich jede*r. <br>Photo (c) OTTMAR SCHICK<\/figcaption><\/figure>\n\n\n\n<p> <\/p>\n","protected":false},"excerpt":{"rendered":"<p>Workshop bei den Kulturtagen Westend, September 2020 (Wiesbaden) Kreisstadtsommer 2019 (Hofheim) Beim Kreisstadsommer Er\u00f6ffnungsfest (Hofheim) am 30.06.2019 hatten wir einen sch\u00f6nen Nachmittag in der Sommerhitze. Danke an dieser Stelle an die bunten Menschen des F\u00f6rderkreis Kultur regional e.V. &#8211; das Team vom Sommerschein-Festival! Mehr zum Sommerschein hier. Danke auch an Peter Kolar f\u00fcr die tollen &hellip; <\/p>\n<p class=\"link-more\"><a href=\"https:\/\/musikentdecken.com\/home\/media\/fotos\/\" class=\"more-link\"><span class=\"screen-reader-text\">\u201eFotos\u201c <\/span>weiterlesen<\/a><\/p>\n","protected":false},"author":1,"featured_media":0,"parent":29,"menu_order":0,"comment_status":"closed","ping_status":"closed","template":"","meta":{"footnotes":""},"_links":{"self":[{"href":"https:\/\/musikentdecken.com\/home\/wp-json\/wp\/v2\/pages\/53"}],"collection":[{"href":"https:\/\/musikentdecken.com\/home\/wp-json\/wp\/v2\/pages"}],"about":[{"href":"https:\/\/musikentdecken.com\/home\/wp-json\/wp\/v2\/types\/page"}],"author":[{"embeddable":true,"href":"https:\/\/musikentdecken.com\/home\/wp-json\/wp\/v2\/users\/1"}],"replies":[{"embeddable":true,"href":"https:\/\/musikentdecken.com\/home\/wp-json\/wp\/v2\/comments?post=53"}],"version-history":[{"count":7,"href":"https:\/\/musikentdecken.com\/home\/wp-json\/wp\/v2\/pages\/53\/revisions"}],"predecessor-version":[{"id":201,"href":"https:\/\/musikentdecken.com\/home\/wp-json\/wp\/v2\/pages\/53\/revisions\/201"}],"up":[{"embeddable":true,"href":"https:\/\/musikentdecken.com\/home\/wp-json\/wp\/v2\/pages\/29"}],"wp:attachment":[{"href":"https:\/\/musikentdecken.com\/home\/wp-json\/wp\/v2\/media?parent=53"}],"curies":[{"name":"wp","href":"https:\/\/api.w.org\/{rel}","templated":true}]}}