{"id":24,"date":"2018-01-27T17:58:03","date_gmt":"2018-01-27T17:58:03","guid":{"rendered":"http:\/\/musikentdecken.com\/?page_id=24"},"modified":"2020-11-03T15:24:46","modified_gmt":"2020-11-03T15:24:46","slug":"termine","status":"publish","type":"page","link":"https:\/\/musikentdecken.com\/home\/termine\/","title":{"rendered":"Termine"},"content":{"rendered":"<p>Aufgrund der aktuellen Corona-Beschr\u00e4nkungen, sind derzeit keine \u00f6ffentlichen Termine angesetzt. Wir finden das schade, aber auch sehr verst\u00e4ndlich. Das wichtigste ist, dass wir alle gesund bleiben und diese Pandemie in den Griff bekommen. Wir freuen uns schon, wenn wir wieder irgendwo auftreten d\u00fcrfen.<\/p>\n<p>Bis dahin: bleibt gesund und k\u00fcmmert euch um einander!<\/p>\n","protected":false},"excerpt":{"rendered":"<p>Aufgrund der aktuellen Corona-Beschr\u00e4nkungen, sind derzeit keine \u00f6ffentlichen Termine angesetzt. Wir finden das schade, aber auch sehr verst\u00e4ndlich. Das wichtigste ist, dass wir alle gesund bleiben und diese Pandemie in den Griff bekommen. Wir freuen uns schon, wenn wir wieder irgendwo auftreten d\u00fcrfen. Bis dahin: bleibt gesund und k\u00fcmmert euch um einander!<\/p>\n","protected":false},"author":1,"featured_media":0,"parent":0,"menu_order":0,"comment_status":"closed","ping_status":"closed","template":"","meta":{"footnotes":""},"_links":{"self":[{"href":"https:\/\/musikentdecken.com\/home\/wp-json\/wp\/v2\/pages\/24"}],"collection":[{"href":"https:\/\/musikentdecken.com\/home\/wp-json\/wp\/v2\/pages"}],"about":[{"href":"https:\/\/musikentdecken.com\/home\/wp-json\/wp\/v2\/types\/page"}],"author":[{"embeddable":true,"href":"https:\/\/musikentdecken.com\/home\/wp-json\/wp\/v2\/users\/1"}],"replies":[{"embeddable":true,"href":"https:\/\/musikentdecken.com\/home\/wp-json\/wp\/v2\/comments?post=24"}],"version-history":[{"count":3,"href":"https:\/\/musikentdecken.com\/home\/wp-json\/wp\/v2\/pages\/24\/revisions"}],"predecessor-version":[{"id":172,"href":"https:\/\/musikentdecken.com\/home\/wp-json\/wp\/v2\/pages\/24\/revisions\/172"}],"wp:attachment":[{"href":"https:\/\/musikentdecken.com\/home\/wp-json\/wp\/v2\/media?parent=24"}],"curies":[{"name":"wp","href":"https:\/\/api.w.org\/{rel}","templated":true}]}}